{"id":1514,"date":"2025-04-29T10:07:18","date_gmt":"2025-04-29T09:07:18","guid":{"rendered":"https:\/\/fusionimages.art\/le-showroom\/"},"modified":"2026-02-04T15:21:16","modified_gmt":"2026-02-04T14:21:16","slug":"le-showroom","status":"publish","type":"page","link":"https:\/\/fusionimages.art\/en\/le-showroom\/","title":{"rendered":"Showroom"},"content":{"rendered":"<p>[et_pb_section fb_built=&#8221;1&#8243; _builder_version=&#8221;4.27.4&#8243; _module_preset=&#8221;default&#8221; global_colors_info=&#8221;{}&#8221;][et_pb_row _builder_version=&#8221;4.27.4&#8243; _module_preset=&#8221;default&#8221; global_colors_info=&#8221;{}&#8221;][et_pb_column type=&#8221;4_4&#8243; _builder_version=&#8221;4.27.4&#8243; _module_preset=&#8221;default&#8221; global_colors_info=&#8221;{}&#8221;][et_pb_post_title meta=&#8221;off&#8221; featured_image=&#8221;off&#8221; _builder_version=&#8221;4.27.4&#8243; _module_preset=&#8221;default&#8221; title_text_color=&#8221;#BD0505&#8243; global_colors_info=&#8221;{}&#8221;][\/et_pb_post_title][\/et_pb_column][\/et_pb_row][et_pb_row _builder_version=&#8221;4.27.4&#8243; _module_preset=&#8221;default&#8221; global_colors_info=&#8221;{}&#8221;][et_pb_column type=&#8221;4_4&#8243; _builder_version=&#8221;4.27.4&#8243; _module_preset=&#8221;default&#8221; global_colors_info=&#8221;{}&#8221;][et_pb_text _builder_version=&#8221;4.27.4&#8243; _module_preset=&#8221;default&#8221; header_text_align=&#8221;center&#8221; text_orientation=&#8221;center&#8221; global_colors_info=&#8221;{}&#8221;]<\/p>\n<p>Since January 2025, three masterful works by Jean-Marie Ghislain are currently on display at Seed Factory, and must be viewed by appointment.<\/p>\n<p>80 x 100 cm : \u20ac4,200 (catalog price &#8211; 20% exhibition conditions)<\/p>\n<p>[\/et_pb_text][\/et_pb_column][\/et_pb_row][et_pb_row column_structure=&#8221;1_2,1_2&#8243; _builder_version=&#8221;4.27.4&#8243; _module_preset=&#8221;default&#8221; global_colors_info=&#8221;{}&#8221;][et_pb_column type=&#8221;1_2&#8243; _builder_version=&#8221;4.27.4&#8243; _module_preset=&#8221;default&#8221; global_colors_info=&#8221;{}&#8221;][et_pb_divider color=&#8221;#BD0505&#8243; _builder_version=&#8221;4.27.4&#8243; _module_preset=&#8221;default&#8221; global_colors_info=&#8221;{}&#8221;][\/et_pb_divider][et_pb_image src=&#8221;https:\/\/fusionimages.art\/wp-content\/uploads\/2025\/04\/D086652-Modifier.jpg&#8221; title_text=&#8221;_D086652-Modify&#8221; _builder_version=&#8221;4.27.4&#8243; _module_preset=&#8221;default&#8221; global_colors_info=&#8221;{}&#8221;][\/et_pb_image][et_pb_text _builder_version=&#8221;4.27.4&#8243; _module_preset=&#8221;default&#8221; text_orientation=&#8221;center&#8221; global_colors_info=&#8221;{}&#8221;]<\/p>\n<p>Jean-Marie Ghislain <strong>The Matrix<\/strong><\/p>\n<p>[\/et_pb_text][et_pb_divider color=&#8221;#BD0505&#8243; _builder_version=&#8221;4.27.4&#8243; _module_preset=&#8221;default&#8221; global_colors_info=&#8221;{}&#8221;][\/et_pb_divider][et_pb_image src=&#8221;https:\/\/fusionimages.art\/wp-content\/uploads\/2025\/04\/D819848-Modifier.jpeg&#8221; title_text=&#8221;_D819848-Modify&#8221; _builder_version=&#8221;4.27.4&#8243; _module_preset=&#8221;default&#8221; global_colors_info=&#8221;{}&#8221;][\/et_pb_image][et_pb_text _builder_version=&#8221;4.27.4&#8243; _module_preset=&#8221;default&#8221; text_orientation=&#8221;center&#8221; global_colors_info=&#8221;{}&#8221;]<\/p>\n<p>Jean-Marie Ghislain <strong>Blue Storm<\/strong><\/p>\n<p>[\/et_pb_text][et_pb_divider color=&#8221;#BD0505&#8243; _builder_version=&#8221;4.27.4&#8243; _module_preset=&#8221;default&#8221; global_colors_info=&#8221;{}&#8221;][\/et_pb_divider][\/et_pb_column][et_pb_column type=&#8221;1_2&#8243; _builder_version=&#8221;4.27.4&#8243; _module_preset=&#8221;default&#8221; global_colors_info=&#8221;{}&#8221;][et_pb_divider color=&#8221;#BD0505&#8243; _builder_version=&#8221;4.27.4&#8243; _module_preset=&#8221;default&#8221; global_colors_info=&#8221;{}&#8221;][\/et_pb_divider][et_pb_image src=&#8221;https:\/\/fusionimages.art\/wp-content\/uploads\/2025\/04\/D818582-1.jpg&#8221; title_text=&#8221;MARCH 29, 2016 12:06:52 AM&#8221; _builder_version=&#8221;4.27.4&#8243; _module_preset=&#8221;default&#8221; global_colors_info=&#8221;{}&#8221;][\/et_pb_image][et_pb_text _builder_version=&#8221;4.27.4&#8243; _module_preset=&#8221;default&#8221; text_orientation=&#8221;center&#8221; global_colors_info=&#8221;{}&#8221;]<\/p>\n<p>Jean-Marie Ghislain <strong>The Crest<\/strong><\/p>\n<p>[\/et_pb_text][et_pb_divider color=&#8221;#BD0505&#8243; _builder_version=&#8221;4.27.4&#8243; _module_preset=&#8221;default&#8221; global_colors_info=&#8221;{}&#8221;][\/et_pb_divider][et_pb_image src=&#8221;https:\/\/fusionimages.art\/wp-content\/uploads\/2025\/04\/VAQUE-A-LAME.jpg&#8221; title_text=&#8221;VAQUE-A-LAME&#8221; _builder_version=&#8221;4.27.4&#8243; _module_preset=&#8221;default&#8221; global_colors_info=&#8221;{}&#8221;][\/et_pb_image][et_pb_text _builder_version=&#8221;4.27.4&#8243; _module_preset=&#8221;default&#8221; text_orientation=&#8221;center&#8221; global_colors_info=&#8221;{}&#8221;]C\u00e9dric Fontaine <strong>Vague \u00e0 l&#8217;\u00e2me<\/strong>[\/et_pb_text][et_pb_divider color=&#8221;#BD0505&#8243; _builder_version=&#8221;4.27.4&#8243; _module_preset=&#8221;default&#8221; global_colors_info=&#8221;{}&#8221;][\/et_pb_divider][et_pb_image src=&#8221;https:\/\/fusionimages.art\/wp-content\/uploads\/2025\/04\/Canyon.jpg&#8221; title_text=&#8221;Canyon&#8221; _builder_version=&#8221;4.27.4&#8243; _module_preset=&#8221;default&#8221; global_colors_info=&#8221;{}&#8221;][\/et_pb_image][et_pb_text _builder_version=&#8221;4.27.4&#8243; _module_preset=&#8221;default&#8221; text_orientation=&#8221;center&#8221; custom_padding=&#8221;5px||3px|||&#8221; global_colors_info=&#8221;{}&#8221;]<\/p>\n<p><strong>PHILIP RICHARD Canyon<\/strong><\/p>\n<p>[\/et_pb_text][et_pb_divider color=&#8221;#BD0505&#8243; _builder_version=&#8221;4.27.4&#8243; _module_preset=&#8221;default&#8221; global_colors_info=&#8221;{}&#8221;][\/et_pb_divider][\/et_pb_column][\/et_pb_row][\/et_pb_section]<\/p>\n","protected":false},"excerpt":{"rendered":"<p>Since January 2025, three masterful works by Jean-Marie Ghislain are currently on display at Seed Factory, and must be viewed by appointment. 80 x 100 cm : \u20ac4,200 (catalog price &#8211; 20% exhibition conditions)Jean-Marie Ghislain The MatrixJean-Marie Ghislain Blue StormJean-Marie Ghislain The CrestC\u00e9dric Fontaine Vague \u00e0 l&#8217;\u00e2mePHILIP RICHARD Canyon<\/p>\n","protected":false},"author":1,"featured_media":0,"parent":0,"menu_order":0,"comment_status":"closed","ping_status":"closed","template":"","meta":{"_acf_changed":false,"_et_pb_use_builder":"on","_et_pb_old_content":"","_et_gb_content_width":"","footnotes":""},"class_list":["post-1514","page","type-page","status-publish","hentry"],"acf":[],"yoast_head":"<!-- This site is optimized with the Yoast SEO plugin v26.8 - https:\/\/yoast.com\/product\/yoast-seo-wordpress\/ -->\n<title>Showroom - Fusion Images Location leasing d&#039;\u0153uvres d&#039;art<\/title>\n<meta name=\"robots\" content=\"index, follow, max-snippet:-1, max-image-preview:large, max-video-preview:-1\" \/>\n<link rel=\"canonical\" href=\"https:\/\/fusionimages.art\/en\/le-showroom\/\" \/>\n<meta property=\"og:locale\" content=\"en_US\" \/>\n<meta property=\"og:type\" content=\"article\" \/>\n<meta property=\"og:title\" content=\"Showroom - Fusion Images Location leasing d&#039;\u0153uvres d&#039;art\" \/>\n<meta property=\"og:description\" content=\"Since January 2025, three masterful works by Jean-Marie Ghislain are currently on display at Seed Factory, and must be viewed by appointment. 80 x 100 cm : \u20ac4,200 (catalog price - 20% exhibition conditions)Jean-Marie Ghislain The MatrixJean-Marie Ghislain Blue StormJean-Marie Ghislain The CrestC\u00e9dric Fontaine Vague \u00e0 l&#039;\u00e2mePHILIP RICHARD Canyon\" \/>\n<meta property=\"og:url\" content=\"https:\/\/fusionimages.art\/en\/le-showroom\/\" \/>\n<meta property=\"og:site_name\" content=\"Fusion Images Location leasing d&#039;\u0153uvres d&#039;art\" \/>\n<meta property=\"article:publisher\" content=\"https:\/\/www.facebook.com\/search\/top?q=fusionimages\" \/>\n<meta property=\"article:modified_time\" content=\"2026-02-04T14:21:16+00:00\" \/>\n<meta property=\"og:image\" content=\"https:\/\/fusionimages.art\/wp-content\/uploads\/2025\/04\/FIcolor-1.png\" \/>\n\t<meta property=\"og:image:width\" content=\"534\" \/>\n\t<meta property=\"og:image:height\" content=\"145\" \/>\n\t<meta property=\"og:image:type\" content=\"image\/png\" \/>\n<meta name=\"twitter:card\" content=\"summary_large_image\" \/>\n<meta name=\"twitter:label1\" content=\"Est. reading time\" \/>\n\t<meta name=\"twitter:data1\" content=\"2 minutes\" \/>\n<script type=\"application\/ld+json\" class=\"yoast-schema-graph\">{\"@context\":\"https:\/\/schema.org\",\"@graph\":[{\"@type\":\"NewsArticle\",\"@id\":\"https:\/\/fusionimages.art\/en\/le-showroom\/#article\",\"isPartOf\":{\"@id\":\"https:\/\/fusionimages.art\/en\/le-showroom\/\"},\"author\":{\"name\":\"jptwf\",\"@id\":\"https:\/\/fusionimages.art\/en\/#\/schema\/person\/1779511d4ff9ffd613546214738bc885\"},\"headline\":\"Showroom\",\"datePublished\":\"2025-04-29T09:07:18+00:00\",\"dateModified\":\"2026-02-04T14:21:16+00:00\",\"mainEntityOfPage\":{\"@id\":\"https:\/\/fusionimages.art\/en\/le-showroom\/\"},\"wordCount\":548,\"publisher\":{\"@id\":\"https:\/\/fusionimages.art\/en\/#organization\"},\"inLanguage\":\"en-US\"},{\"@type\":\"WebPage\",\"@id\":\"https:\/\/fusionimages.art\/en\/le-showroom\/\",\"url\":\"https:\/\/fusionimages.art\/en\/le-showroom\/\",\"name\":\"Showroom - Fusion Images Location leasing d&#039;\u0153uvres d&#039;art\",\"isPartOf\":{\"@id\":\"https:\/\/fusionimages.art\/en\/#website\"},\"datePublished\":\"2025-04-29T09:07:18+00:00\",\"dateModified\":\"2026-02-04T14:21:16+00:00\",\"breadcrumb\":{\"@id\":\"https:\/\/fusionimages.art\/en\/le-showroom\/#breadcrumb\"},\"inLanguage\":\"en-US\",\"potentialAction\":[{\"@type\":\"ReadAction\",\"target\":[\"https:\/\/fusionimages.art\/en\/le-showroom\/\"]}]},{\"@type\":\"BreadcrumbList\",\"@id\":\"https:\/\/fusionimages.art\/en\/le-showroom\/#breadcrumb\",\"itemListElement\":[{\"@type\":\"ListItem\",\"position\":1,\"name\":\"Accueil\",\"item\":\"https:\/\/fusionimages.art\/en\/\"},{\"@type\":\"ListItem\",\"position\":2,\"name\":\"Showroom\"}]},{\"@type\":\"WebSite\",\"@id\":\"https:\/\/fusionimages.art\/en\/#website\",\"url\":\"https:\/\/fusionimages.art\/en\/\",\"name\":\"Fusion Images\",\"description\":\"Location leasing d&#039;\u0153uvres d&#039;art photographies d\u2019Art !\",\"publisher\":{\"@id\":\"https:\/\/fusionimages.art\/en\/#organization\"},\"alternateName\":\"Fusion Images\",\"potentialAction\":[{\"@type\":\"SearchAction\",\"target\":{\"@type\":\"EntryPoint\",\"urlTemplate\":\"https:\/\/fusionimages.art\/en\/?s={search_term_string}\"},\"query-input\":{\"@type\":\"PropertyValueSpecification\",\"valueRequired\":true,\"valueName\":\"search_term_string\"}}],\"inLanguage\":\"en-US\"},{\"@type\":\"Organization\",\"@id\":\"https:\/\/fusionimages.art\/en\/#organization\",\"name\":\"FusionImages\",\"alternateName\":\"Fusion Images\",\"url\":\"https:\/\/fusionimages.art\/en\/\",\"logo\":{\"@type\":\"ImageObject\",\"inLanguage\":\"en-US\",\"@id\":\"https:\/\/fusionimages.art\/en\/#\/schema\/logo\/image\/\",\"url\":\"https:\/\/fusionimages.art\/wp-content\/uploads\/2025\/04\/FIcolor-1.png\",\"contentUrl\":\"https:\/\/fusionimages.art\/wp-content\/uploads\/2025\/04\/FIcolor-1.png\",\"width\":534,\"height\":145,\"caption\":\"FusionImages\"},\"image\":{\"@id\":\"https:\/\/fusionimages.art\/en\/#\/schema\/logo\/image\/\"},\"sameAs\":[\"https:\/\/www.facebook.com\/search\/top?q=fusionimages\",\"https:\/\/www.instagram.com\/fusionsimages\/\",\"https:\/\/www.linkedin.com\/company\/103816368\/admin\/dashboard\/\"]},{\"@type\":\"Person\",\"@id\":\"https:\/\/fusionimages.art\/en\/#\/schema\/person\/1779511d4ff9ffd613546214738bc885\",\"name\":\"jptwf\",\"image\":{\"@type\":\"ImageObject\",\"inLanguage\":\"en-US\",\"@id\":\"https:\/\/fusionimages.art\/en\/#\/schema\/person\/image\/\",\"url\":\"https:\/\/secure.gravatar.com\/avatar\/950e1cbdbd775ddf23fd7a240dd059fb0b72c6760a51b1a08977e6216f0704be?s=96&d=mm&r=g\",\"contentUrl\":\"https:\/\/secure.gravatar.com\/avatar\/950e1cbdbd775ddf23fd7a240dd059fb0b72c6760a51b1a08977e6216f0704be?s=96&d=mm&r=g\",\"caption\":\"jptwf\"},\"sameAs\":[\"https:\/\/fusionimages.art\"],\"url\":\"https:\/\/fusionimages.art\/en\/author\/jptwf\/\"}]}<\/script>\n<!-- \/ Yoast SEO plugin. -->","yoast_head_json":{"title":"Showroom - Fusion Images Location leasing d&#039;\u0153uvres d&#039;art","robots":{"index":"index","follow":"follow","max-snippet":"max-snippet:-1","max-image-preview":"max-image-preview:large","max-video-preview":"max-video-preview:-1"},"canonical":"https:\/\/fusionimages.art\/en\/le-showroom\/","og_locale":"en_US","og_type":"article","og_title":"Showroom - Fusion Images Location leasing d&#039;\u0153uvres d&#039;art","og_description":"Since January 2025, three masterful works by Jean-Marie Ghislain are currently on display at Seed Factory, and must be viewed by appointment. 80 x 100 cm : \u20ac4,200 (catalog price - 20% exhibition conditions)Jean-Marie Ghislain The MatrixJean-Marie Ghislain Blue StormJean-Marie Ghislain The CrestC\u00e9dric Fontaine Vague \u00e0 l'\u00e2mePHILIP RICHARD Canyon","og_url":"https:\/\/fusionimages.art\/en\/le-showroom\/","og_site_name":"Fusion Images Location leasing d&#039;\u0153uvres d&#039;art","article_publisher":"https:\/\/www.facebook.com\/search\/top?q=fusionimages","article_modified_time":"2026-02-04T14:21:16+00:00","og_image":[{"width":534,"height":145,"url":"https:\/\/fusionimages.art\/wp-content\/uploads\/2025\/04\/FIcolor-1.png","type":"image\/png"}],"twitter_card":"summary_large_image","twitter_misc":{"Est. reading time":"2 minutes"},"schema":{"@context":"https:\/\/schema.org","@graph":[{"@type":"NewsArticle","@id":"https:\/\/fusionimages.art\/en\/le-showroom\/#article","isPartOf":{"@id":"https:\/\/fusionimages.art\/en\/le-showroom\/"},"author":{"name":"jptwf","@id":"https:\/\/fusionimages.art\/en\/#\/schema\/person\/1779511d4ff9ffd613546214738bc885"},"headline":"Showroom","datePublished":"2025-04-29T09:07:18+00:00","dateModified":"2026-02-04T14:21:16+00:00","mainEntityOfPage":{"@id":"https:\/\/fusionimages.art\/en\/le-showroom\/"},"wordCount":548,"publisher":{"@id":"https:\/\/fusionimages.art\/en\/#organization"},"inLanguage":"en-US"},{"@type":"WebPage","@id":"https:\/\/fusionimages.art\/en\/le-showroom\/","url":"https:\/\/fusionimages.art\/en\/le-showroom\/","name":"Showroom - Fusion Images Location leasing d&#039;\u0153uvres d&#039;art","isPartOf":{"@id":"https:\/\/fusionimages.art\/en\/#website"},"datePublished":"2025-04-29T09:07:18+00:00","dateModified":"2026-02-04T14:21:16+00:00","breadcrumb":{"@id":"https:\/\/fusionimages.art\/en\/le-showroom\/#breadcrumb"},"inLanguage":"en-US","potentialAction":[{"@type":"ReadAction","target":["https:\/\/fusionimages.art\/en\/le-showroom\/"]}]},{"@type":"BreadcrumbList","@id":"https:\/\/fusionimages.art\/en\/le-showroom\/#breadcrumb","itemListElement":[{"@type":"ListItem","position":1,"name":"Accueil","item":"https:\/\/fusionimages.art\/en\/"},{"@type":"ListItem","position":2,"name":"Showroom"}]},{"@type":"WebSite","@id":"https:\/\/fusionimages.art\/en\/#website","url":"https:\/\/fusionimages.art\/en\/","name":"Fusion Images","description":"Location leasing d&#039;\u0153uvres d&#039;art photographies d\u2019Art !","publisher":{"@id":"https:\/\/fusionimages.art\/en\/#organization"},"alternateName":"Fusion Images","potentialAction":[{"@type":"SearchAction","target":{"@type":"EntryPoint","urlTemplate":"https:\/\/fusionimages.art\/en\/?s={search_term_string}"},"query-input":{"@type":"PropertyValueSpecification","valueRequired":true,"valueName":"search_term_string"}}],"inLanguage":"en-US"},{"@type":"Organization","@id":"https:\/\/fusionimages.art\/en\/#organization","name":"FusionImages","alternateName":"Fusion Images","url":"https:\/\/fusionimages.art\/en\/","logo":{"@type":"ImageObject","inLanguage":"en-US","@id":"https:\/\/fusionimages.art\/en\/#\/schema\/logo\/image\/","url":"https:\/\/fusionimages.art\/wp-content\/uploads\/2025\/04\/FIcolor-1.png","contentUrl":"https:\/\/fusionimages.art\/wp-content\/uploads\/2025\/04\/FIcolor-1.png","width":534,"height":145,"caption":"FusionImages"},"image":{"@id":"https:\/\/fusionimages.art\/en\/#\/schema\/logo\/image\/"},"sameAs":["https:\/\/www.facebook.com\/search\/top?q=fusionimages","https:\/\/www.instagram.com\/fusionsimages\/","https:\/\/www.linkedin.com\/company\/103816368\/admin\/dashboard\/"]},{"@type":"Person","@id":"https:\/\/fusionimages.art\/en\/#\/schema\/person\/1779511d4ff9ffd613546214738bc885","name":"jptwf","image":{"@type":"ImageObject","inLanguage":"en-US","@id":"https:\/\/fusionimages.art\/en\/#\/schema\/person\/image\/","url":"https:\/\/secure.gravatar.com\/avatar\/950e1cbdbd775ddf23fd7a240dd059fb0b72c6760a51b1a08977e6216f0704be?s=96&d=mm&r=g","contentUrl":"https:\/\/secure.gravatar.com\/avatar\/950e1cbdbd775ddf23fd7a240dd059fb0b72c6760a51b1a08977e6216f0704be?s=96&d=mm&r=g","caption":"jptwf"},"sameAs":["https:\/\/fusionimages.art"],"url":"https:\/\/fusionimages.art\/en\/author\/jptwf\/"}]}},"_links":{"self":[{"href":"https:\/\/fusionimages.art\/en\/wp-json\/wp\/v2\/pages\/1514","targetHints":{"allow":["GET"]}}],"collection":[{"href":"https:\/\/fusionimages.art\/en\/wp-json\/wp\/v2\/pages"}],"about":[{"href":"https:\/\/fusionimages.art\/en\/wp-json\/wp\/v2\/types\/page"}],"author":[{"embeddable":true,"href":"https:\/\/fusionimages.art\/en\/wp-json\/wp\/v2\/users\/1"}],"replies":[{"embeddable":true,"href":"https:\/\/fusionimages.art\/en\/wp-json\/wp\/v2\/comments?post=1514"}],"version-history":[{"count":5,"href":"https:\/\/fusionimages.art\/en\/wp-json\/wp\/v2\/pages\/1514\/revisions"}],"predecessor-version":[{"id":3369,"href":"https:\/\/fusionimages.art\/en\/wp-json\/wp\/v2\/pages\/1514\/revisions\/3369"}],"wp:attachment":[{"href":"https:\/\/fusionimages.art\/en\/wp-json\/wp\/v2\/media?parent=1514"}],"curies":[{"name":"wp","href":"https:\/\/api.w.org\/{rel}","templated":true}]}}